{"id":8,"date":"2023-03-17T12:57:43","date_gmt":"2023-03-17T12:57:43","guid":{"rendered":"http:\/\/luisamariemandelbaum.de\/?page_id=8"},"modified":"2026-03-12T23:10:05","modified_gmt":"2026-03-12T23:10:05","slug":"this-is","status":"publish","type":"page","link":"http:\/\/luisamariemandelbaum.de\/","title":{"rendered":"\u00dcber mich"},"content":{"rendered":"\n<h2 class=\" wp-block-heading eplus-wrapper\">LUISA-MARIE MANDELBAUM<\/h2>\n\n\n\n<p class=\" eplus-wrapper\">ist freischaffende Junior Produzentin und Autorin aus Berlin. Angefangen mit Script&amp;Continuity bei Kurzfilmprojekten der Filmuniversit\u00e4ten in Berlin und Potsdam, sammelte sie zun\u00e4chst als Produktionsassistenz Erfahrungen bei Musikvideoprojekten und Werbeproduktionen.&nbsp;<\/p>\n\n\n\n<p class=\" eplus-wrapper\">Inzwischen unterst\u00fctzt Luisa-Marie Drehs f\u00fcr Marken wie Telekom, BVG, Logitech oder weitreichende Auftr\u00e4ge, wie von A24. Zudem ist sie Co-Produzierende von Dokumentationen f\u00fcr den ZDF.<\/p>\n\n\n\n<p class=\" eplus-wrapper\">Bei Luisa-Maries Arbeit flie\u00dfen ihre Affinit\u00e4ten f\u00fcr gelungene Organisation, gemeinsame Projekte und \u00e4sthetische Bild- und Spielkompositionen zusammen. Ausgehend von ihrem Masterstudium in nachhaltigem Management, legt sie insbesondere in der Filmproduktion und am Set gro\u00dfen Wert auf Nachhaltigkeit.<\/p>\n\n\n\n<p class=\" eplus-wrapper\">Neben der Filmarbeit studierte Luisa-Marie zudem Literarisches Schreiben am Deutschen Literaturinstitut Leipzig, sowie Szenisches Schreiben an der Universit\u00e4t der K\u00fcnste in Berlin. Als freie Autorin schreibt sie Texte f\u00fcr Literatur, Film und Theater. <\/p>\n\n\n\n<figure class=\" wp-block-image size-large eplus-wrapper\"><img loading=\"lazy\" decoding=\"async\" width=\"1024\" height=\"683\" src=\"http:\/\/luisamariemandelbaum.de\/wp-content\/uploads\/2023\/03\/IMG_2798-1024x683.jpg\" alt=\"\" class=\"wp-image-9\" srcset=\"http:\/\/luisamariemandelbaum.de\/wp-content\/uploads\/2023\/03\/IMG_2798-1024x683.jpg 1024w, http:\/\/luisamariemandelbaum.de\/wp-content\/uploads\/2023\/03\/IMG_2798-300x200.jpg 300w, http:\/\/luisamariemandelbaum.de\/wp-content\/uploads\/2023\/03\/IMG_2798-768x512.jpg 768w, http:\/\/luisamariemandelbaum.de\/wp-content\/uploads\/2023\/03\/IMG_2798.jpg 1350w\" sizes=\"auto, (max-width: 1024px) 100vw, 1024px\" \/><\/figure>\n","protected":false},"excerpt":{"rendered":"<p>LUISA-MARIE MANDELBAUM ist freischaffende Junior Produzentin und Autorin aus Berlin. Angefangen mit Script&amp;Continuity bei Kurzfilmprojekten der Filmuniversit\u00e4ten in Berlin und Potsdam, sammelte sie zun\u00e4chst als Produktionsassistenz Erfahrungen bei Musikvideoprojekten und Werbeproduktionen.&nbsp; Inzwischen unterst\u00fctzt Luisa-Marie Drehs f\u00fcr Marken wie Telekom, BVG, Logitech oder weitreichende Auftr\u00e4ge, wie von A24. Zudem ist sie Co-Produzierende von Dokumentationen f\u00fcr den [&hellip;]<\/p>\n","protected":false},"author":1,"featured_media":0,"parent":0,"menu_order":1,"comment_status":"closed","ping_status":"closed","template":"","meta":{"_eb_attr":"","editor_plus_copied_stylings":"{}","footnotes":""},"class_list":["post-8","page","type-page","status-publish","hentry"],"_links":{"self":[{"href":"http:\/\/luisamariemandelbaum.de\/index.php?rest_route=\/wp\/v2\/pages\/8","targetHints":{"allow":["GET"]}}],"collection":[{"href":"http:\/\/luisamariemandelbaum.de\/index.php?rest_route=\/wp\/v2\/pages"}],"about":[{"href":"http:\/\/luisamariemandelbaum.de\/index.php?rest_route=\/wp\/v2\/types\/page"}],"author":[{"embeddable":true,"href":"http:\/\/luisamariemandelbaum.de\/index.php?rest_route=\/wp\/v2\/users\/1"}],"replies":[{"embeddable":true,"href":"http:\/\/luisamariemandelbaum.de\/index.php?rest_route=%2Fwp%2Fv2%2Fcomments&post=8"}],"version-history":[{"count":21,"href":"http:\/\/luisamariemandelbaum.de\/index.php?rest_route=\/wp\/v2\/pages\/8\/revisions"}],"predecessor-version":[{"id":243,"href":"http:\/\/luisamariemandelbaum.de\/index.php?rest_route=\/wp\/v2\/pages\/8\/revisions\/243"}],"wp:attachment":[{"href":"http:\/\/luisamariemandelbaum.de\/index.php?rest_route=%2Fwp%2Fv2%2Fmedia&parent=8"}],"curies":[{"name":"wp","href":"https:\/\/api.w.org\/{rel}","templated":true}]}}